{"id":16,"date":"2024-08-20T09:12:32","date_gmt":"2024-08-20T12:12:32","guid":{"rendered":"https:\/\/distribuidora-monica.builderallwppro.com\/?page_id=16"},"modified":"2026-01-17T17:03:23","modified_gmt":"2026-01-17T20:03:23","slug":"home","status":"publish","type":"page","link":"https:\/\/www.distribuidoramonica.com.br\/","title":{"rendered":"home"},"content":{"rendered":"\t\t<div data-elementor-type=\"wp-page\" data-elementor-id=\"16\" class=\"elementor elementor-16\" data-elementor-post-type=\"page\">\n\t\t\t\t<div class=\"elementor-element elementor-element-08c1418 e-flex e-con-boxed e-con e-parent\" data-id=\"08c1418\" data-element_type=\"container\" data-settings=\"{&quot;background_background&quot;:&quot;classic&quot;}\">\n\t\t\t\t\t<div class=\"e-con-inner\">\n\t\t\t\t<div class=\"elementor-element elementor-element-7ef4ea6 exad-sticky-section-no exad-glass-effect-no elementor-widget elementor-widget-heading\" data-id=\"7ef4ea6\" data-element_type=\"widget\" data-widget_type=\"heading.default\">\n\t\t\t\t<div class=\"elementor-widget-container\">\n\t\t\t\t\t<h6 class=\"elementor-heading-title elementor-size-default\">A SUA DISTRIBUIDORA DE PRODUTOS PARA SEGURAN\u00c7A ELETR\u00d4NICA<\/h6>\t\t\t\t<\/div>\n\t\t\t\t<\/div>\n\t\t\t\t\t<\/div>\n\t\t\t\t<\/div>\n\t\t<div class=\"elementor-element elementor-element-ecaf7ee e-flex e-con-boxed e-con e-parent\" data-id=\"ecaf7ee\" data-element_type=\"container\" data-settings=\"{&quot;background_background&quot;:&quot;classic&quot;}\">\n\t\t\t\t\t<div class=\"e-con-inner\">\n\t\t\t\t<div class=\"elementor-element elementor-element-e132f8c elementor-widget__width-initial exad-sticky-section-no exad-glass-effect-no elementor-widget elementor-widget-theme-site-logo elementor-widget-image\" data-id=\"e132f8c\" data-element_type=\"widget\" data-widget_type=\"theme-site-logo.default\">\n\t\t\t\t<div class=\"elementor-widget-container\">\n\t\t\t\t\t\t\t\t\t\t\t<a href=\"https:\/\/www.distribuidoramonica.com.br\">\n\t\t\t<img fetchpriority=\"high\" decoding=\"async\" width=\"2127\" height=\"765\" src=\"https:\/\/www.distribuidoramonica.com.br\/wp-content\/uploads\/2024\/08\/Asset-1@2x.png\" class=\"attachment-full size-full wp-image-21\" alt=\"\" srcset=\"https:\/\/www.distribuidoramonica.com.br\/wp-content\/uploads\/2024\/08\/Asset-1@2x.png 2127w, https:\/\/www.distribuidoramonica.com.br\/wp-content\/uploads\/2024\/08\/Asset-1@2x-300x108.png 300w, https:\/\/www.distribuidoramonica.com.br\/wp-content\/uploads\/2024\/08\/Asset-1@2x-1024x368.png 1024w, https:\/\/www.distribuidoramonica.com.br\/wp-content\/uploads\/2024\/08\/Asset-1@2x-768x276.png 768w, https:\/\/www.distribuidoramonica.com.br\/wp-content\/uploads\/2024\/08\/Asset-1@2x-1536x552.png 1536w, https:\/\/www.distribuidoramonica.com.br\/wp-content\/uploads\/2024\/08\/Asset-1@2x-2048x737.png 2048w, https:\/\/www.distribuidoramonica.com.br\/wp-content\/uploads\/2024\/08\/Asset-1@2x-600x216.png 600w\" sizes=\"(max-width: 2127px) 100vw, 2127px\" \/>\t\t\t\t<\/a>\n\t\t\t\t\t\t\t\t\t\t\t<\/div>\n\t\t\t\t<\/div>\n\t\t<div class=\"elementor-element elementor-element-687b490 e-con-full e-flex e-con e-child\" data-id=\"687b490\" data-element_type=\"container\">\n\t\t\t\t<div class=\"elementor-element elementor-element-e3d74e4 elementor-widget__width-initial elementor-view-default exad-sticky-section-no exad-glass-effect-no elementor-widget elementor-widget-icon\" data-id=\"e3d74e4\" data-element_type=\"widget\" data-widget_type=\"icon.default\">\n\t\t\t\t<div class=\"elementor-widget-container\">\n\t\t\t\t\t\t\t<div class=\"elementor-icon-wrapper\">\n\t\t\t<a class=\"elementor-icon\" href=\"https:\/\/api.whatsapp.com\/send\/?phone=5562996092997&#038;text=Oi+%2ADistribuidora+M%C3%B4nica%2A%21+eu+preciso+de+mais+informa%C3%A7%C3%B5es\">\n\t\t\t<svg aria-hidden=\"true\" class=\"e-font-icon-svg e-far-comments\" viewBox=\"0 0 576 512\" xmlns=\"http:\/\/www.w3.org\/2000\/svg\"><path d=\"M532 386.2c27.5-27.1 44-61.1 44-98.2 0-80-76.5-146.1-176.2-157.9C368.3 72.5 294.3 32 208 32 93.1 32 0 103.6 0 192c0 37 16.5 71 44 98.2-15.3 30.7-37.3 54.5-37.7 54.9-6.3 6.7-8.1 16.5-4.4 25 3.6 8.5 12 14 21.2 14 53.5 0 96.7-20.2 125.2-38.8 9.2 2.1 18.7 3.7 28.4 4.9C208.1 407.6 281.8 448 368 448c20.8 0 40.8-2.4 59.8-6.8C456.3 459.7 499.4 480 553 480c9.2 0 17.5-5.5 21.2-14 3.6-8.5 1.9-18.3-4.4-25-.4-.3-22.5-24.1-37.8-54.8zm-392.8-92.3L122.1 305c-14.1 9.1-28.5 16.3-43.1 21.4 2.7-4.7 5.4-9.7 8-14.8l15.5-31.1L77.7 256C64.2 242.6 48 220.7 48 192c0-60.7 73.3-112 160-112s160 51.3 160 112-73.3 112-160 112c-16.5 0-33-1.9-49-5.6l-19.8-4.5zM498.3 352l-24.7 24.4 15.5 31.1c2.6 5.1 5.3 10.1 8 14.8-14.6-5.1-29-12.3-43.1-21.4l-17.1-11.1-19.9 4.6c-16 3.7-32.5 5.6-49 5.6-54 0-102.2-20.1-131.3-49.7C338 339.5 416 272.9 416 192c0-3.4-.4-6.7-.7-10C479.7 196.5 528 238.8 528 288c0 28.7-16.2 50.6-29.7 64z\"><\/path><\/svg>\t\t\t<\/a>\n\t\t<\/div>\n\t\t\t\t\t\t<\/div>\n\t\t\t\t<\/div>\n\t\t\t\t<div class=\"elementor-element elementor-element-d3194cf elementor-widget__width-initial exad-sticky-section-no exad-glass-effect-no elementor-widget elementor-widget-text-editor\" data-id=\"d3194cf\" data-element_type=\"widget\" data-widget_type=\"text-editor.default\">\n\t\t\t\t<div class=\"elementor-widget-container\">\n\t\t\t\t\t\t\t\t\t<p>Central de <strong>Atendimento<\/strong><\/p>\t\t\t\t\t\t\t\t<\/div>\n\t\t\t\t<\/div>\n\t\t\t\t<\/div>\n\t\t\t\t\t<\/div>\n\t\t\t\t<\/div>\n\t\t<div class=\"elementor-element elementor-element-84ef524 e-flex e-con-boxed e-con e-parent\" data-id=\"84ef524\" data-element_type=\"container\">\n\t\t\t\t\t<div class=\"e-con-inner\">\n\t\t\t\t<div class=\"elementor-element elementor-element-fb881f3 exad-sticky-section-no exad-glass-effect-no elementor-widget elementor-widget-image\" data-id=\"fb881f3\" data-element_type=\"widget\" data-widget_type=\"image.default\">\n\t\t\t\t<div class=\"elementor-widget-container\">\n\t\t\t\t\t\t\t\t\t\t\t\t\t\t\t<img decoding=\"async\" width=\"819\" height=\"1024\" src=\"https:\/\/distribuidoramonica.com.br\/wp-content\/uploads\/2026\/01\/alerta-819x1024.png\" class=\"attachment-large size-large wp-image-170\" alt=\"\" srcset=\"https:\/\/distribuidoramonica.com.br\/wp-content\/uploads\/2026\/01\/alerta-819x1024.png 819w, https:\/\/distribuidoramonica.com.br\/wp-content\/uploads\/2026\/01\/alerta-240x300.png 240w, https:\/\/distribuidoramonica.com.br\/wp-content\/uploads\/2026\/01\/alerta-768x960.png 768w, https:\/\/distribuidoramonica.com.br\/wp-content\/uploads\/2026\/01\/alerta-600x750.png 600w, https:\/\/distribuidoramonica.com.br\/wp-content\/uploads\/2026\/01\/alerta.png 1080w\" sizes=\"(max-width: 819px) 100vw, 819px\" \/>\t\t\t\t\t\t\t\t\t\t\t\t\t\t\t<\/div>\n\t\t\t\t<\/div>\n\t\t\t\t\t<\/div>\n\t\t\t\t<\/div>\n\t\t<div class=\"elementor-element elementor-element-71a8880 e-con-full e-flex e-con e-parent\" data-id=\"71a8880\" data-element_type=\"container\" data-settings=\"{&quot;background_background&quot;:&quot;classic&quot;}\">\n\t\t\t\t<div class=\"elementor-element elementor-element-07c69e2 exad-sticky-section-no exad-glass-effect-no elementor-widget elementor-widget-heading\" data-id=\"07c69e2\" data-element_type=\"widget\" data-widget_type=\"heading.default\">\n\t\t\t\t<div class=\"elementor-widget-container\">\n\t\t\t\t\t<h2 class=\"elementor-heading-title elementor-size-default\">Em Breve a nossa loja online estar\u00e1 <br>pronta pra te atender!<\/h2>\t\t\t\t<\/div>\n\t\t\t\t<\/div>\n\t\t\t\t<\/div>\n\t\t<div class=\"elementor-element elementor-element-4352d70 e-flex e-con-boxed e-con e-parent\" data-id=\"4352d70\" data-element_type=\"container\">\n\t\t\t\t\t<div class=\"e-con-inner\">\n\t\t\t\t<div class=\"elementor-element elementor-element-cc54f5b elementor-widget-divider--view-line exad-sticky-section-no exad-glass-effect-no elementor-widget elementor-widget-divider\" data-id=\"cc54f5b\" data-element_type=\"widget\" data-widget_type=\"divider.default\">\n\t\t\t\t<div class=\"elementor-widget-container\">\n\t\t\t\t\t\t\t<div class=\"elementor-divider\">\n\t\t\t<span class=\"elementor-divider-separator\">\n\t\t\t\t\t\t<\/span>\n\t\t<\/div>\n\t\t\t\t\t\t<\/div>\n\t\t\t\t<\/div>\n\t\t\t\t\t<\/div>\n\t\t\t\t<\/div>\n\t\t<div class=\"elementor-element elementor-element-5db8f2d e-flex e-con-boxed e-con e-parent\" data-id=\"5db8f2d\" data-element_type=\"container\">\n\t\t\t\t\t<div class=\"e-con-inner\">\n\t\t<div class=\"elementor-element elementor-element-9d68776 e-con-full e-flex e-con e-child\" data-id=\"9d68776\" data-element_type=\"container\">\n\t\t\t\t<div class=\"elementor-element elementor-element-0c6f2a4 elementor-widget__width-initial exad-sticky-section-no exad-glass-effect-no elementor-widget elementor-widget-image\" data-id=\"0c6f2a4\" data-element_type=\"widget\" data-widget_type=\"image.default\">\n\t\t\t\t<div class=\"elementor-widget-container\">\n\t\t\t\t\t\t\t\t\t\t\t\t\t\t\t<img decoding=\"async\" src=\"https:\/\/distribuidoramonica.com.br\/wp-content\/uploads\/2025\/03\/95a5a25a-a5d5-4859-839c-b996b85f1586-e1742219981279.jpeg\" title=\"95a5a25a-a5d5-4859-839c-b996b85f1586\" alt=\"95a5a25a-a5d5-4859-839c-b996b85f1586\" loading=\"lazy\" \/>\t\t\t\t\t\t\t\t\t\t\t\t\t\t\t<\/div>\n\t\t\t\t<\/div>\n\t\t\t\t<div class=\"elementor-element elementor-element-b7a2f8d elementor-widget__width-initial exad-sticky-section-no exad-glass-effect-no elementor-widget elementor-widget-html\" data-id=\"b7a2f8d\" data-element_type=\"widget\" data-widget_type=\"html.default\">\n\t\t\t\t<div class=\"elementor-widget-container\">\n\t\t\t\t\t<iframe src=\"https:\/\/www.google.com\/maps\/embed?pb=!1m18!1m12!1m3!1d3822.3041357799643!2d-49.3237824!3d-16.6616574!2m3!1f0!2f0!3f0!3m2!1i1024!2i768!4f13.1!3m3!1m2!1s0x935ef44d6a42fecd%3A0xdfb22c7ec80a2754!2sDistribuidora%20M%C3%B4nica%20Equipamentos%20de%20Seguran%C3%A7a!5e0!3m2!1spt-BR!2sbr!4v1742210996540!5m2!1spt-BR!2sbr\" width=\"600\" height=\"450\" style=\"border:0;\" allowfullscreen=\"\" loading=\"lazy\" referrerpolicy=\"no-referrer-when-downgrade\"><\/iframe>\t\t\t\t<\/div>\n\t\t\t\t<\/div>\n\t\t\t\t<\/div>\n\t\t\t\t\t<\/div>\n\t\t\t\t<\/div>\n\t\t<div class=\"elementor-element elementor-element-4fa0190 e-flex e-con-boxed e-con e-parent\" data-id=\"4fa0190\" data-element_type=\"container\">\n\t\t\t\t\t<div class=\"e-con-inner\">\n\t\t\t\t\t<\/div>\n\t\t\t\t<\/div>\n\t\t\t\t<\/div>\n\t\t","protected":false},"excerpt":{"rendered":"<p>A SUA DISTRIBUIDORA DE PRODUTOS PARA SEGURAN\u00c7A ELETR\u00d4NICA Central de Atendimento Em Breve a nossa loja online estar\u00e1 pronta pra te atender!<\/p>\n","protected":false},"author":1,"featured_media":0,"parent":0,"menu_order":0,"comment_status":"closed","ping_status":"closed","template":"elementor_canvas","meta":{"_joinchat":[],"footnotes":""},"class_list":["post-16","page","type-page","status-publish","hentry"],"_links":{"self":[{"href":"https:\/\/www.distribuidoramonica.com.br\/index.php?rest_route=\/wp\/v2\/pages\/16","targetHints":{"allow":["GET"]}}],"collection":[{"href":"https:\/\/www.distribuidoramonica.com.br\/index.php?rest_route=\/wp\/v2\/pages"}],"about":[{"href":"https:\/\/www.distribuidoramonica.com.br\/index.php?rest_route=\/wp\/v2\/types\/page"}],"author":[{"embeddable":true,"href":"https:\/\/www.distribuidoramonica.com.br\/index.php?rest_route=\/wp\/v2\/users\/1"}],"replies":[{"embeddable":true,"href":"https:\/\/www.distribuidoramonica.com.br\/index.php?rest_route=%2Fwp%2Fv2%2Fcomments&post=16"}],"version-history":[{"count":90,"href":"https:\/\/www.distribuidoramonica.com.br\/index.php?rest_route=\/wp\/v2\/pages\/16\/revisions"}],"predecessor-version":[{"id":185,"href":"https:\/\/www.distribuidoramonica.com.br\/index.php?rest_route=\/wp\/v2\/pages\/16\/revisions\/185"}],"wp:attachment":[{"href":"https:\/\/www.distribuidoramonica.com.br\/index.php?rest_route=%2Fwp%2Fv2%2Fmedia&parent=16"}],"curies":[{"name":"wp","href":"https:\/\/api.w.org\/{rel}","templated":true}]}}